{"id":2535,"date":"2026-04-16T16:33:59","date_gmt":"2026-04-16T16:33:59","guid":{"rendered":"https:\/\/desaprendiendo321.com\/?page_id=2535"},"modified":"2026-04-16T16:41:04","modified_gmt":"2026-04-16T16:41:04","slug":"aviso-de-privacidad","status":"publish","type":"page","link":"https:\/\/desaprendiendo321.com\/index.php\/aviso-de-privacidad\/","title":{"rendered":"Aviso de privacidad"},"content":{"rendered":"\t\t<div data-elementor-type=\"wp-page\" data-elementor-id=\"2535\" class=\"elementor elementor-2535\">\n\t\t\t\t<div class=\"elementor-element elementor-element-fed7a0f e-flex e-con-boxed e-con e-parent\" data-id=\"fed7a0f\" data-element_type=\"container\" data-e-type=\"container\">\n\t\t\t\t\t<div class=\"e-con-inner\">\n\t\t\t\t\t<\/div>\n\t\t\t\t<\/div>\n\t\t<div class=\"elementor-element elementor-element-5802c61 e-con-full e-flex e-con e-parent\" data-id=\"5802c61\" data-element_type=\"container\" data-e-type=\"container\">\n\t\t<div class=\"elementor-element elementor-element-525d85d e-con-full e-flex e-con e-child\" data-id=\"525d85d\" data-element_type=\"container\" data-e-type=\"container\" data-settings=\"{&quot;background_background&quot;:&quot;classic&quot;}\">\n\t\t\t\t<div class=\"elementor-element elementor-element-cabfbbe elementor-widget elementor-widget-spacer\" data-id=\"cabfbbe\" data-element_type=\"widget\" data-e-type=\"widget\" data-widget_type=\"spacer.default\">\n\t\t\t\t<div class=\"elementor-widget-container\">\n\t\t\t\t\t\t\t<div class=\"elementor-spacer\">\n\t\t\t<div class=\"elementor-spacer-inner\"><\/div>\n\t\t<\/div>\n\t\t\t\t\t\t<\/div>\n\t\t\t\t<\/div>\n\t\t\t\t<div class=\"elementor-element elementor-element-c1f2be3 elementor-widget elementor-widget-heading\" data-id=\"c1f2be3\" data-element_type=\"widget\" data-e-type=\"widget\" data-widget_type=\"heading.default\">\n\t\t\t\t<div class=\"elementor-widget-container\">\n\t\t\t\t\t<h2 class=\"elementor-heading-title elementor-size-default\">Aviso de privacidad<\/h2>\t\t\t\t<\/div>\n\t\t\t\t<\/div>\n\t\t\t\t<div class=\"elementor-element elementor-element-6ec6150 elementor-widget elementor-widget-spacer\" data-id=\"6ec6150\" data-element_type=\"widget\" data-e-type=\"widget\" data-widget_type=\"spacer.default\">\n\t\t\t\t<div class=\"elementor-widget-container\">\n\t\t\t\t\t\t\t<div class=\"elementor-spacer\">\n\t\t\t<div class=\"elementor-spacer-inner\"><\/div>\n\t\t<\/div>\n\t\t\t\t\t\t<\/div>\n\t\t\t\t<\/div>\n\t\t\t\t<\/div>\n\t\t\t\t<\/div>\n\t\t<div class=\"elementor-element elementor-element-48376ba e-flex e-con-boxed e-con e-parent\" data-id=\"48376ba\" data-element_type=\"container\" data-e-type=\"container\">\n\t\t\t\t\t<div class=\"e-con-inner\">\n\t\t\t\t<div class=\"elementor-element elementor-element-4fb8f28 elementor-widget elementor-widget-text-editor\" data-id=\"4fb8f28\" data-element_type=\"widget\" data-e-type=\"widget\" data-widget_type=\"text-editor.default\">\n\t\t\t\t<div class=\"elementor-widget-container\">\n\t\t\t\t\t\t\t\t\t<p>\u00a0<\/p><ul><li>Pol\u00edtica de privacidad<\/li><\/ul><p>Desaprendiendo en 321 se compromete a proteger la privacidad de las personas que acceden a sus servicios. La informaci\u00f3n personal recolectada se utiliza exclusivamente para fines relacionados con el acompa\u00f1amiento psicol\u00f3gico, la gesti\u00f3n administrativa y la comunicaci\u00f3n, conforme a la Ley 1581 de 2012 y dem\u00e1s normas vigentes en Colombia sobre protecci\u00f3n de datos personales.<\/p><p>\u00a0<\/p><ul><li>Protecci\u00f3n de datos personales<\/li><\/ul><p>Los datos personales y datos sensibles son tratados de manera confidencial, segura y responsable. Su recolecci\u00f3n, almacenamiento, uso y supresi\u00f3n se realizan de acuerdo con los principios de legalidad, finalidad, libertad, seguridad y confidencialidad establecidos por la normativa colombiana.<\/p><ul><li>Aviso de confidencialidad<\/li><\/ul><p>Toda la informaci\u00f3n compartida durante los procesos de acompa\u00f1amiento psicol\u00f3gico est\u00e1 protegida por el secreto profesional y es de car\u00e1cter confidencial, salvo las excepciones previstas por la ley colombiana.<\/p><ul><li>Consentimiento informado<\/li><\/ul><p>Antes de iniciar cualquier proceso de acompa\u00f1amiento psicol\u00f3gico, la persona recibir\u00e1 informaci\u00f3n clara y suficiente sobre el enfoque, la modalidad (presencial o virtual), la duraci\u00f3n, los alcances y los l\u00edmites del proceso, y deber\u00e1 otorgar su consentimiento libre, previo e informado.<\/p><ul><li>Atenci\u00f3n a personas en el exterior<\/li><\/ul><p>Desaprendiendo en 321 presta servicios de acompa\u00f1amiento psicol\u00f3gico desde Colombia, incluyendo atenci\u00f3n virtual a personas que se encuentren residiendo en otros pa\u00edses. En estos casos, el tratamiento de la informaci\u00f3n personal se rige por la legislaci\u00f3n colombiana, la cual el usuario acepta al iniciar el proceso.<\/p><p>\u00a0<\/p><ul><li>Uso \u00e9tico de la informaci\u00f3n<\/li><\/ul><p>La informaci\u00f3n obtenida durante los procesos de acompa\u00f1amiento se utiliza de manera \u00e9tica y responsable, exclusivamente para fines terap\u00e9uticos y administrativos, garantizando el respeto, la dignidad y el bienestar de cada persona.<\/p><p>*Desaprendiendo en 321 desarrolla sus servicios bajo principios \u00e9ticos, profesionales y legales, priorizando el cuidado integral y la confidencialidad de cada persona.<\/p><p>\u00a0<\/p><p>\u00a0<\/p><p>\u00a0<\/p>\t\t\t\t\t\t\t\t<\/div>\n\t\t\t\t<\/div>\n\t\t\t\t\t<\/div>\n\t\t\t\t<\/div>\n\t\t\t\t<\/div>\n\t\t","protected":false},"excerpt":{"rendered":"<p>Aviso de privacidad \u00a0 Pol\u00edtica de privacidad Desaprendiendo en 321 se compromete a proteger la privacidad de las personas que acceden a sus servicios. La informaci\u00f3n personal recolectada se utiliza exclusivamente para fines relacionados con el acompa\u00f1amiento psicol\u00f3gico, la gesti\u00f3n administrativa y la comunicaci\u00f3n, conforme a la Ley 1581 de 2012 y dem\u00e1s normas vigentes [&hellip;]<\/p>\n","protected":false},"author":1,"featured_media":0,"parent":0,"menu_order":0,"comment_status":"closed","ping_status":"closed","template":"elementor_header_footer","meta":{"site-sidebar-layout":"no-sidebar","site-content-layout":"page-builder","ast-site-content-layout":"full-width-container","site-content-style":"default","site-sidebar-style":"default","ast-global-header-display":"","ast-banner-title-visibility":"","ast-main-header-display":"","ast-hfb-above-header-display":"","ast-hfb-below-header-display":"","ast-hfb-mobile-header-display":"","site-post-title":"","ast-breadcrumbs-content":"","ast-featured-img":"disabled","footer-sml-layout":"","ast-disable-related-posts":"","theme-transparent-header-meta":"","adv-header-id-meta":"","stick-header-meta":"","header-above-stick-meta":"","header-main-stick-meta":"","header-below-stick-meta":"","astra-migrate-meta-layouts":"set","ast-page-background-enabled":"default","ast-page-background-meta":{"desktop":{"background-color":"var(--ast-global-color-4)","background-image":"","background-repeat":"repeat","background-position":"center center","background-size":"auto","background-attachment":"scroll","background-type":"","background-media":"","overlay-type":"","overlay-color":"","overlay-opacity":"","overlay-gradient":""},"tablet":{"background-color":"","background-image":"","background-repeat":"repeat","background-position":"center center","background-size":"auto","background-attachment":"scroll","background-type":"","background-media":"","overlay-type":"","overlay-color":"","overlay-opacity":"","overlay-gradient":""},"mobile":{"background-color":"","background-image":"","background-repeat":"repeat","background-position":"center center","background-size":"auto","background-attachment":"scroll","background-type":"","background-media":"","overlay-type":"","overlay-color":"","overlay-opacity":"","overlay-gradient":""}},"ast-content-background-meta":{"desktop":{"background-color":"var(--ast-global-color-5)","background-image":"","background-repeat":"repeat","background-position":"center center","background-size":"auto","background-attachment":"scroll","background-type":"","background-media":"","overlay-type":"","overlay-color":"","overlay-opacity":"","overlay-gradient":""},"tablet":{"background-color":"var(--ast-global-color-5)","background-image":"","background-repeat":"repeat","background-position":"center center","background-size":"auto","background-attachment":"scroll","background-type":"","background-media":"","overlay-type":"","overlay-color":"","overlay-opacity":"","overlay-gradient":""},"mobile":{"background-color":"var(--ast-global-color-5)","background-image":"","background-repeat":"repeat","background-position":"center center","background-size":"auto","background-attachment":"scroll","background-type":"","background-media":"","overlay-type":"","overlay-color":"","overlay-opacity":"","overlay-gradient":""}},"footnotes":""},"class_list":["post-2535","page","type-page","status-publish","hentry"],"yoast_head":"<!-- This site is optimized with the Yoast SEO plugin v27.5 - https:\/\/yoast.com\/product\/yoast-seo-wordpress\/ -->\n<title>Aviso de privacidad - Desaprendiendo | Educaci\u00f3n Consciente, Desarrollo Personal y Nuevas Perspectivas<\/title>\n<meta name=\"robots\" content=\"index, follow, max-snippet:-1, max-image-preview:large, max-video-preview:-1\" \/>\n<link rel=\"canonical\" href=\"https:\/\/desaprendiendo321.com\/index.php\/aviso-de-privacidad\/\" \/>\n<meta property=\"og:locale\" content=\"es_ES\" \/>\n<meta property=\"og:type\" content=\"article\" \/>\n<meta property=\"og:title\" content=\"Aviso de privacidad - Desaprendiendo | Educaci\u00f3n Consciente, Desarrollo Personal y Nuevas Perspectivas\" \/>\n<meta property=\"og:description\" content=\"Aviso de privacidad \u00a0 Pol\u00edtica de privacidad Desaprendiendo en 321 se compromete a proteger la privacidad de las personas que acceden a sus servicios. La informaci\u00f3n personal recolectada se utiliza exclusivamente para fines relacionados con el acompa\u00f1amiento psicol\u00f3gico, la gesti\u00f3n administrativa y la comunicaci\u00f3n, conforme a la Ley 1581 de 2012 y dem\u00e1s normas vigentes [&hellip;]\" \/>\n<meta property=\"og:url\" content=\"https:\/\/desaprendiendo321.com\/index.php\/aviso-de-privacidad\/\" \/>\n<meta property=\"og:site_name\" content=\"Desaprendiendo | Educaci\u00f3n Consciente, Desarrollo Personal y Nuevas Perspectivas\" \/>\n<meta property=\"article:modified_time\" content=\"2026-04-16T16:41:04+00:00\" \/>\n<meta name=\"twitter:card\" content=\"summary_large_image\" \/>\n<meta name=\"twitter:label1\" content=\"Tiempo de lectura\" \/>\n\t<meta name=\"twitter:data1\" content=\"2 minutos\" \/>\n<script type=\"application\/ld+json\" class=\"yoast-schema-graph\">{\"@context\":\"https:\\\/\\\/schema.org\",\"@graph\":[{\"@type\":\"WebPage\",\"@id\":\"https:\\\/\\\/desaprendiendo321.com\\\/index.php\\\/aviso-de-privacidad\\\/\",\"url\":\"https:\\\/\\\/desaprendiendo321.com\\\/index.php\\\/aviso-de-privacidad\\\/\",\"name\":\"Aviso de privacidad - Desaprendiendo | Educaci\u00f3n Consciente, Desarrollo Personal y Nuevas Perspectivas\",\"isPartOf\":{\"@id\":\"https:\\\/\\\/desaprendiendo321.com\\\/#website\"},\"datePublished\":\"2026-04-16T16:33:59+00:00\",\"dateModified\":\"2026-04-16T16:41:04+00:00\",\"breadcrumb\":{\"@id\":\"https:\\\/\\\/desaprendiendo321.com\\\/index.php\\\/aviso-de-privacidad\\\/#breadcrumb\"},\"inLanguage\":\"es\",\"potentialAction\":[{\"@type\":\"ReadAction\",\"target\":[\"https:\\\/\\\/desaprendiendo321.com\\\/index.php\\\/aviso-de-privacidad\\\/\"]}]},{\"@type\":\"BreadcrumbList\",\"@id\":\"https:\\\/\\\/desaprendiendo321.com\\\/index.php\\\/aviso-de-privacidad\\\/#breadcrumb\",\"itemListElement\":[{\"@type\":\"ListItem\",\"position\":1,\"name\":\"Portada\",\"item\":\"https:\\\/\\\/desaprendiendo321.com\\\/\"},{\"@type\":\"ListItem\",\"position\":2,\"name\":\"Aviso de privacidad\"}]},{\"@type\":\"WebSite\",\"@id\":\"https:\\\/\\\/desaprendiendo321.com\\\/#website\",\"url\":\"https:\\\/\\\/desaprendiendo321.com\\\/\",\"name\":\"Desaprendiendo | Educaci\u00f3n Consciente, Desarrollo Personal y Nuevas Perspectivas\",\"description\":\"Desaprendiendo es un espacio para cuestionar creencias, aprender desde la conciencia y desarrollar una nueva forma de pensar, vivir y crecer personal y espiritualmente.\",\"publisher\":{\"@id\":\"https:\\\/\\\/desaprendiendo321.com\\\/#organization\"},\"potentialAction\":[{\"@type\":\"SearchAction\",\"target\":{\"@type\":\"EntryPoint\",\"urlTemplate\":\"https:\\\/\\\/desaprendiendo321.com\\\/?s={search_term_string}\"},\"query-input\":{\"@type\":\"PropertyValueSpecification\",\"valueRequired\":true,\"valueName\":\"search_term_string\"}}],\"inLanguage\":\"es\"},{\"@type\":\"Organization\",\"@id\":\"https:\\\/\\\/desaprendiendo321.com\\\/#organization\",\"name\":\"Desaprendiendo | Educaci\u00f3n Consciente, Desarrollo Personal y Nuevas Perspectivas\",\"url\":\"https:\\\/\\\/desaprendiendo321.com\\\/\",\"logo\":{\"@type\":\"ImageObject\",\"inLanguage\":\"es\",\"@id\":\"https:\\\/\\\/desaprendiendo321.com\\\/#\\\/schema\\\/logo\\\/image\\\/\",\"url\":\"https:\\\/\\\/desaprendiendo321.com\\\/wp-content\\\/uploads\\\/2026\\\/01\\\/logodes.png\",\"contentUrl\":\"https:\\\/\\\/desaprendiendo321.com\\\/wp-content\\\/uploads\\\/2026\\\/01\\\/logodes.png\",\"width\":901,\"height\":277,\"caption\":\"Desaprendiendo | Educaci\u00f3n Consciente, Desarrollo Personal y Nuevas Perspectivas\"},\"image\":{\"@id\":\"https:\\\/\\\/desaprendiendo321.com\\\/#\\\/schema\\\/logo\\\/image\\\/\"}}]}<\/script>\n<!-- \/ Yoast SEO plugin. -->","yoast_head_json":{"title":"Aviso de privacidad - Desaprendiendo | Educaci\u00f3n Consciente, Desarrollo Personal y Nuevas Perspectivas","robots":{"index":"index","follow":"follow","max-snippet":"max-snippet:-1","max-image-preview":"max-image-preview:large","max-video-preview":"max-video-preview:-1"},"canonical":"https:\/\/desaprendiendo321.com\/index.php\/aviso-de-privacidad\/","og_locale":"es_ES","og_type":"article","og_title":"Aviso de privacidad - Desaprendiendo | Educaci\u00f3n Consciente, Desarrollo Personal y Nuevas Perspectivas","og_description":"Aviso de privacidad \u00a0 Pol\u00edtica de privacidad Desaprendiendo en 321 se compromete a proteger la privacidad de las personas que acceden a sus servicios. La informaci\u00f3n personal recolectada se utiliza exclusivamente para fines relacionados con el acompa\u00f1amiento psicol\u00f3gico, la gesti\u00f3n administrativa y la comunicaci\u00f3n, conforme a la Ley 1581 de 2012 y dem\u00e1s normas vigentes [&hellip;]","og_url":"https:\/\/desaprendiendo321.com\/index.php\/aviso-de-privacidad\/","og_site_name":"Desaprendiendo | Educaci\u00f3n Consciente, Desarrollo Personal y Nuevas Perspectivas","article_modified_time":"2026-04-16T16:41:04+00:00","twitter_card":"summary_large_image","twitter_misc":{"Tiempo de lectura":"2 minutos"},"schema":{"@context":"https:\/\/schema.org","@graph":[{"@type":"WebPage","@id":"https:\/\/desaprendiendo321.com\/index.php\/aviso-de-privacidad\/","url":"https:\/\/desaprendiendo321.com\/index.php\/aviso-de-privacidad\/","name":"Aviso de privacidad - Desaprendiendo | Educaci\u00f3n Consciente, Desarrollo Personal y Nuevas Perspectivas","isPartOf":{"@id":"https:\/\/desaprendiendo321.com\/#website"},"datePublished":"2026-04-16T16:33:59+00:00","dateModified":"2026-04-16T16:41:04+00:00","breadcrumb":{"@id":"https:\/\/desaprendiendo321.com\/index.php\/aviso-de-privacidad\/#breadcrumb"},"inLanguage":"es","potentialAction":[{"@type":"ReadAction","target":["https:\/\/desaprendiendo321.com\/index.php\/aviso-de-privacidad\/"]}]},{"@type":"BreadcrumbList","@id":"https:\/\/desaprendiendo321.com\/index.php\/aviso-de-privacidad\/#breadcrumb","itemListElement":[{"@type":"ListItem","position":1,"name":"Portada","item":"https:\/\/desaprendiendo321.com\/"},{"@type":"ListItem","position":2,"name":"Aviso de privacidad"}]},{"@type":"WebSite","@id":"https:\/\/desaprendiendo321.com\/#website","url":"https:\/\/desaprendiendo321.com\/","name":"Desaprendiendo | Educaci\u00f3n Consciente, Desarrollo Personal y Nuevas Perspectivas","description":"Desaprendiendo es un espacio para cuestionar creencias, aprender desde la conciencia y desarrollar una nueva forma de pensar, vivir y crecer personal y espiritualmente.","publisher":{"@id":"https:\/\/desaprendiendo321.com\/#organization"},"potentialAction":[{"@type":"SearchAction","target":{"@type":"EntryPoint","urlTemplate":"https:\/\/desaprendiendo321.com\/?s={search_term_string}"},"query-input":{"@type":"PropertyValueSpecification","valueRequired":true,"valueName":"search_term_string"}}],"inLanguage":"es"},{"@type":"Organization","@id":"https:\/\/desaprendiendo321.com\/#organization","name":"Desaprendiendo | Educaci\u00f3n Consciente, Desarrollo Personal y Nuevas Perspectivas","url":"https:\/\/desaprendiendo321.com\/","logo":{"@type":"ImageObject","inLanguage":"es","@id":"https:\/\/desaprendiendo321.com\/#\/schema\/logo\/image\/","url":"https:\/\/desaprendiendo321.com\/wp-content\/uploads\/2026\/01\/logodes.png","contentUrl":"https:\/\/desaprendiendo321.com\/wp-content\/uploads\/2026\/01\/logodes.png","width":901,"height":277,"caption":"Desaprendiendo | Educaci\u00f3n Consciente, Desarrollo Personal y Nuevas Perspectivas"},"image":{"@id":"https:\/\/desaprendiendo321.com\/#\/schema\/logo\/image\/"}}]}},"_links":{"self":[{"href":"https:\/\/desaprendiendo321.com\/index.php\/wp-json\/wp\/v2\/pages\/2535","targetHints":{"allow":["GET"]}}],"collection":[{"href":"https:\/\/desaprendiendo321.com\/index.php\/wp-json\/wp\/v2\/pages"}],"about":[{"href":"https:\/\/desaprendiendo321.com\/index.php\/wp-json\/wp\/v2\/types\/page"}],"author":[{"embeddable":true,"href":"https:\/\/desaprendiendo321.com\/index.php\/wp-json\/wp\/v2\/users\/1"}],"replies":[{"embeddable":true,"href":"https:\/\/desaprendiendo321.com\/index.php\/wp-json\/wp\/v2\/comments?post=2535"}],"version-history":[{"count":4,"href":"https:\/\/desaprendiendo321.com\/index.php\/wp-json\/wp\/v2\/pages\/2535\/revisions"}],"predecessor-version":[{"id":2541,"href":"https:\/\/desaprendiendo321.com\/index.php\/wp-json\/wp\/v2\/pages\/2535\/revisions\/2541"}],"wp:attachment":[{"href":"https:\/\/desaprendiendo321.com\/index.php\/wp-json\/wp\/v2\/media?parent=2535"}],"curies":[{"name":"wp","href":"https:\/\/api.w.org\/{rel}","templated":true}]}}