{"id":14,"date":"2026-01-16T16:41:06","date_gmt":"2026-01-16T16:41:06","guid":{"rendered":"https:\/\/desaprendiendo321.com\/index.php\/about\/"},"modified":"2026-04-16T12:46:08","modified_gmt":"2026-04-16T12:46:08","slug":"quienes-somos","status":"publish","type":"page","link":"https:\/\/desaprendiendo321.com\/index.php\/quienes-somos\/","title":{"rendered":"Quienes Somos"},"content":{"rendered":"\t\t<div data-elementor-type=\"wp-page\" data-elementor-id=\"14\" class=\"elementor elementor-14\">\n\t\t\t\t<div class=\"elementor-element elementor-element-dcfb448 e-flex e-con-boxed e-con e-parent\" data-id=\"dcfb448\" data-element_type=\"container\" data-e-type=\"container\" data-settings=\"{&quot;background_background&quot;:&quot;classic&quot;}\">\n\t\t\t\t\t<div class=\"e-con-inner\">\n\t\t<div class=\"elementor-element elementor-element-d21b7e0 e-flex e-con-boxed e-con e-child\" data-id=\"d21b7e0\" data-element_type=\"container\" data-e-type=\"container\">\n\t\t\t\t\t<div class=\"e-con-inner\">\n\t\t\t\t<div class=\"elementor-element elementor-element-e9fd9dc elementor-widget elementor-widget-heading\" data-id=\"e9fd9dc\" data-element_type=\"widget\" data-e-type=\"widget\" data-widget_type=\"heading.default\">\n\t\t\t\t<div class=\"elementor-widget-container\">\n\t\t\t\t\t<h1 class=\"elementor-heading-title elementor-size-default\">\u00bfQui\u00e9nes somos?<\/h1>\t\t\t\t<\/div>\n\t\t\t\t<\/div>\n\t\t\t\t\t<\/div>\n\t\t\t\t<\/div>\n\t\t\t\t\t<\/div>\n\t\t\t\t<\/div>\n\t\t<div class=\"elementor-element elementor-element-500861b e-flex e-con-boxed e-con e-parent\" data-id=\"500861b\" data-element_type=\"container\" data-e-type=\"container\">\n\t\t\t\t\t<div class=\"e-con-inner\">\n\t\t<div class=\"elementor-element elementor-element-7dbc6fb e-con-full e-flex e-con e-child\" data-id=\"7dbc6fb\" data-element_type=\"container\" data-e-type=\"container\">\n\t\t\t\t<div class=\"elementor-element elementor-element-c43f550 elementor-widget elementor-widget-heading\" data-id=\"c43f550\" data-element_type=\"widget\" data-e-type=\"widget\" data-widget_type=\"heading.default\">\n\t\t\t\t<div class=\"elementor-widget-container\">\n\t\t\t\t\t<h2 class=\"elementor-heading-title elementor-size-default\">Nuestra Misi\u00f3n<\/h2>\t\t\t\t<\/div>\n\t\t\t\t<\/div>\n\t\t\t\t<div class=\"elementor-element elementor-element-6658dc9 elementor-widget elementor-widget-heading\" data-id=\"6658dc9\" data-element_type=\"widget\" data-e-type=\"widget\" data-widget_type=\"heading.default\">\n\t\t\t\t<div class=\"elementor-widget-container\">\n\t\t\t\t\t<h4 class=\"elementor-heading-title elementor-size-default\">Brindar herramientas significativas de aprendizaje y desaprendizaje, integrando todas las dimensiones del ser humano (Esp\u00edritu, alma y cuerpo) para promover un equilibrio entre lo espiritual y lo terrenal.<\/h4>\t\t\t\t<\/div>\n\t\t\t\t<\/div>\n\t\t<div class=\"elementor-element elementor-element-51b695b e-flex e-con-boxed e-con e-child\" data-id=\"51b695b\" data-element_type=\"container\" data-e-type=\"container\">\n\t\t\t\t\t<div class=\"e-con-inner\">\n\t\t<div class=\"elementor-element elementor-element-bda37a0 e-flex e-con-boxed e-con e-child\" data-id=\"bda37a0\" data-element_type=\"container\" data-e-type=\"container\">\n\t\t\t\t\t<div class=\"e-con-inner\">\n\t\t\t\t<div class=\"elementor-element elementor-element-1078e9d elementor-widget elementor-widget-hfe-infocard\" data-id=\"1078e9d\" data-element_type=\"widget\" data-e-type=\"widget\" data-widget_type=\"hfe-infocard.default\">\n\t\t\t\t<div class=\"elementor-widget-container\">\n\t\t\t\t\t\n\t\t<div class=\"hfe-infocard\">\n\t\t\t\t\t\t\t\t\t<div class=\"hfe-infocard-title-wrap\">\n\t\t\t\t<h3 class=\"hfe-infocard-title elementor-inline-editing\" data-elementor-setting-key=\"infocard_title\" data-elementor-inline-editing-toolbar=\"basic\" >\u2022\u00bfQu\u00e9 es DesAprender? <\/h3>\t\t\t<\/div>\n\t\t\t\t\t\t<div class=\"hfe-infocard-text-wrap\">\n\t\t\t\t<div class=\"hfe-infocard-text elementor-inline-editing\" data-elementor-setting-key=\"infocard_description\" data-elementor-inline-editing-toolbar=\"advanced\">\n\t\t\t\t\tDesAprender es la decisi\u00f3n de eliminar una pr\u00e1ctica habitual \u201cnormalizada\u201d. Un h\u00e1bito que podemos hacer con los ojos cerrados porque lo conocemos como la palma de nuestra mano, pero evidenciamos que es necesario reemplazarlo.\nDesAprender se convierte en una herramienta necesaria si nuestro prop\u00f3sito es transformarnos en todas las esferas de la vida.\nAprender a DesAprender requiere de un trabajo \u201cdiario\u201d, enfocarnos en lo que queremos y planear, proponer y ejecutar nuestra manera de vivir desde el \u201cAqu\u00ed y el Ahora\u201d.\t\t\t\t<\/div>\n\t\t\t\t\t\t\t<\/div>\n\t\t<\/div>\n\n\t\t\t\t\t\t<\/div>\n\t\t\t\t<\/div>\n\t\t\t\t\t<\/div>\n\t\t\t\t<\/div>\n\t\t<div class=\"elementor-element elementor-element-8c3d36e e-flex e-con-boxed e-con e-child\" data-id=\"8c3d36e\" data-element_type=\"container\" data-e-type=\"container\">\n\t\t\t\t\t<div class=\"e-con-inner\">\n\t\t\t\t<div class=\"elementor-element elementor-element-c44a92f elementor-widget elementor-widget-image\" data-id=\"c44a92f\" data-element_type=\"widget\" data-e-type=\"widget\" data-widget_type=\"image.default\">\n\t\t\t\t<div class=\"elementor-widget-container\">\n\t\t\t\t\t\t\t\t\t\t\t\t\t\t\t<img fetchpriority=\"high\" decoding=\"async\" width=\"281\" height=\"317\" src=\"https:\/\/desaprendiendo321.com\/wp-content\/uploads\/2026\/01\/lida_suarez.png\" class=\"attachment-large size-large wp-image-2264\" alt=\"lida suarez\" title=\"Quienes Somos\">\t\t\t\t\t\t\t\t\t\t\t\t\t\t\t<\/div>\n\t\t\t\t<\/div>\n\t\t\t\t<div class=\"elementor-element elementor-element-067dc1c elementor-widget elementor-widget-text-editor\" data-id=\"067dc1c\" data-element_type=\"widget\" data-e-type=\"widget\" data-widget_type=\"text-editor.default\">\n\t\t\t\t<div class=\"elementor-widget-container\">\n\t\t\t\t\t\t\t\t\t<p>Lida Su\u00e1rez &#8211; Fundadora<\/p>\t\t\t\t\t\t\t\t<\/div>\n\t\t\t\t<\/div>\n\t\t\t\t\t<\/div>\n\t\t\t\t<\/div>\n\t\t\t\t\t<\/div>\n\t\t\t\t<\/div>\n\t\t\t\t<\/div>\n\t\t\t\t\t<\/div>\n\t\t\t\t<\/div>\n\t\t<div class=\"elementor-element elementor-element-ba46aa4 e-flex e-con-boxed e-con e-parent\" data-id=\"ba46aa4\" data-element_type=\"container\" data-e-type=\"container\" data-settings=\"{&quot;background_background&quot;:&quot;classic&quot;}\">\n\t\t\t\t\t<div class=\"e-con-inner\">\n\t\t<div class=\"elementor-element elementor-element-920e714 e-con-full e-flex e-con e-child\" data-id=\"920e714\" data-element_type=\"container\" data-e-type=\"container\">\n\t\t\t\t<\/div>\n\t\t<div class=\"elementor-element elementor-element-94092f7 e-con-full e-flex e-con e-child\" data-id=\"94092f7\" data-element_type=\"container\" data-e-type=\"container\" data-settings=\"{&quot;background_background&quot;:&quot;classic&quot;}\">\n\t\t\t\t<div class=\"elementor-element elementor-element-aad1e15 elementor-widget elementor-widget-image\" data-id=\"aad1e15\" data-element_type=\"widget\" data-e-type=\"widget\" data-widget_type=\"image.default\">\n\t\t\t\t<div class=\"elementor-widget-container\">\n\t\t\t\t\t\t\t\t\t\t\t\t\t\t\t<img decoding=\"async\" src=\"https:\/\/desaprendiendo321.com\/wp-content\/uploads\/2021\/11\/quotes.svg\" class=\"attachment-full size-full wp-image-117\" alt=\"quotes\" title=\"Quienes Somos\">\t\t\t\t\t\t\t\t\t\t\t\t\t\t\t<\/div>\n\t\t\t\t<\/div>\n\t\t\t\t<div class=\"elementor-element elementor-element-7f86a88 elementor-widget elementor-widget-heading\" data-id=\"7f86a88\" data-element_type=\"widget\" data-e-type=\"widget\" data-widget_type=\"heading.default\">\n\t\t\t\t<div class=\"elementor-widget-container\">\n\t\t\t\t\t<h4 class=\"elementor-heading-title elementor-size-default\">Soy un ser creado a la imagen y semejanza de Dios, as\u00ed como lo eres t\u00fa; con un proyecto de vida en constante construcci\u00f3n y con espacio para la reconstrucci\u00f3n como una oportunidad de mejora cada d\u00eda; soy mujer por excelencia y con la responsabilidad que asum\u00ed de ser madre de dos hermosas hijas.\nMi profesi\u00f3n desde la psicolog\u00eda y mi vocaci\u00f3n de servir, me han impulsado a aportar como miembro activo de la sociedad al bienestar y calidad de vida de las personas que me rodean.\nPsic\u00f3loga con Mag\u00edster Universitario en Psicolog\u00eda Comunitaria; Maestr\u00eda Internacional en Psicolog\u00eda infantil y adolescente; Maestr\u00eda Internacional en Pedagog\u00eda Montessori y cualificaciones en psicoterapia de parejas, psicolog\u00eda cl\u00ednica, terapia cognitivo conductual, entrenamiento psicoterap\u00e9utico en trastornos mentales contempor\u00e1neos, ansiedad y depresi\u00f3n; y entrenamiento en habilidades para promover la regulaci\u00f3n emocional.\nCertificada en Coaching de equipos y de familia.\nEsa soy yo, y estoy para servir!\n<\/h4>\t\t\t\t<\/div>\n\t\t\t\t<\/div>\n\t\t\t\t<div class=\"elementor-element elementor-element-d503280 elementor-widget elementor-widget-image\" data-id=\"d503280\" data-element_type=\"widget\" data-e-type=\"widget\" data-widget_type=\"image.default\">\n\t\t\t\t<div class=\"elementor-widget-container\">\n\t\t\t\t\t\t\t\t\t\t\t\t\t\t\t<img decoding=\"async\" width=\"901\" height=\"277\" src=\"https:\/\/desaprendiendo321.com\/wp-content\/uploads\/2026\/01\/logodes-243x75.png\" class=\"attachment-full size-full wp-image-2138\" alt=\"logodes\" srcset=\"https:\/\/desaprendiendo321.com\/wp-content\/uploads\/2026\/01\/logodes.png 901w, https:\/\/desaprendiendo321.com\/wp-content\/uploads\/2026\/01\/logodes-300x92.png 300w, https:\/\/desaprendiendo321.com\/wp-content\/uploads\/2026\/01\/logodes-768x236.png 768w, https:\/\/desaprendiendo321.com\/wp-content\/uploads\/2026\/01\/logodes-243x75.png 243w\" sizes=\"(max-width: 901px) 100vw, 901px\" title=\"Quienes Somos\">\t\t\t\t\t\t\t\t\t\t\t\t\t\t\t<\/div>\n\t\t\t\t<\/div>\n\t\t\t\t<div class=\"elementor-element elementor-element-22c93f1 elementor-widget elementor-widget-text-editor\" data-id=\"22c93f1\" data-element_type=\"widget\" data-e-type=\"widget\" data-widget_type=\"text-editor.default\">\n\t\t\t\t<div class=\"elementor-widget-container\">\n\t\t\t\t\t\t\t\t\t<p>Lida Su\u00e1rez<\/p>\t\t\t\t\t\t\t\t<\/div>\n\t\t\t\t<\/div>\n\t\t\t\t<\/div>\n\t\t<div class=\"elementor-element elementor-element-0bd015f e-con-full e-flex e-con e-child\" data-id=\"0bd015f\" data-element_type=\"container\" data-e-type=\"container\">\n\t\t\t\t<\/div>\n\t\t\t\t\t<\/div>\n\t\t\t\t<\/div>\n\t\t\t\t<\/div>\n\t\t","protected":false},"excerpt":{"rendered":"<p>\u00bfQui\u00e9nes somos? Nuestra Misi\u00f3n Brindar herramientas significativas de aprendizaje y desaprendizaje, integrando todas las dimensiones del ser humano (Esp\u00edritu, alma y cuerpo) para promover un equilibrio entre lo espiritual y lo terrenal. \u2022\u00bfQu\u00e9 es DesAprender? DesAprender es la decisi\u00f3n de eliminar una pr\u00e1ctica habitual \u201cnormalizada\u201d. Un h\u00e1bito que podemos hacer con los ojos cerrados porque [&hellip;]<\/p>\n","protected":false},"author":1,"featured_media":0,"parent":0,"menu_order":0,"comment_status":"closed","ping_status":"closed","template":"","meta":{"site-sidebar-layout":"no-sidebar","site-content-layout":"page-builder","ast-site-content-layout":"default","site-content-style":"default","site-sidebar-style":"default","ast-global-header-display":"","ast-banner-title-visibility":"","ast-main-header-display":"","ast-hfb-above-header-display":"","ast-hfb-below-header-display":"","ast-hfb-mobile-header-display":"","site-post-title":"disabled","ast-breadcrumbs-content":"","ast-featured-img":"disabled","footer-sml-layout":"","ast-disable-related-posts":"","theme-transparent-header-meta":"enabled","adv-header-id-meta":"","stick-header-meta":"","header-above-stick-meta":"","header-main-stick-meta":"","header-below-stick-meta":"","astra-migrate-meta-layouts":"default","ast-page-background-enabled":"default","ast-page-background-meta":{"desktop":{"background-color":"var(--ast-global-color-4)","background-image":"","background-repeat":"repeat","background-position":"center center","background-size":"auto","background-attachment":"scroll","background-type":"","background-media":"","overlay-type":"","overlay-color":"","overlay-opacity":"","overlay-gradient":""},"tablet":{"background-color":"","background-image":"","background-repeat":"repeat","background-position":"center center","background-size":"auto","background-attachment":"scroll","background-type":"","background-media":"","overlay-type":"","overlay-color":"","overlay-opacity":"","overlay-gradient":""},"mobile":{"background-color":"","background-image":"","background-repeat":"repeat","background-position":"center center","background-size":"auto","background-attachment":"scroll","background-type":"","background-media":"","overlay-type":"","overlay-color":"","overlay-opacity":"","overlay-gradient":""}},"ast-content-background-meta":{"desktop":{"background-color":"var(--ast-global-color-5)","background-image":"","background-repeat":"repeat","background-position":"center center","background-size":"auto","background-attachment":"scroll","background-type":"","background-media":"","overlay-type":"","overlay-color":"","overlay-opacity":"","overlay-gradient":""},"tablet":{"background-color":"var(--ast-global-color-5)","background-image":"","background-repeat":"repeat","background-position":"center center","background-size":"auto","background-attachment":"scroll","background-type":"","background-media":"","overlay-type":"","overlay-color":"","overlay-opacity":"","overlay-gradient":""},"mobile":{"background-color":"var(--ast-global-color-5)","background-image":"","background-repeat":"repeat","background-position":"center center","background-size":"auto","background-attachment":"scroll","background-type":"","background-media":"","overlay-type":"","overlay-color":"","overlay-opacity":"","overlay-gradient":""}},"footnotes":""},"class_list":["post-14","page","type-page","status-publish","hentry"],"yoast_head":"<!-- This site is optimized with the Yoast SEO plugin v27.5 - https:\/\/yoast.com\/product\/yoast-seo-wordpress\/ -->\n<title>Quienes Somos - Desaprendiendo | Educaci\u00f3n Consciente, Desarrollo Personal y Nuevas Perspectivas<\/title>\n<meta name=\"robots\" content=\"index, follow, max-snippet:-1, max-image-preview:large, max-video-preview:-1\" \/>\n<link rel=\"canonical\" href=\"https:\/\/desaprendiendo321.com\/index.php\/quienes-somos\/\" \/>\n<meta property=\"og:locale\" content=\"es_ES\" \/>\n<meta property=\"og:type\" content=\"article\" \/>\n<meta property=\"og:title\" content=\"Quienes Somos - Desaprendiendo | Educaci\u00f3n Consciente, Desarrollo Personal y Nuevas Perspectivas\" \/>\n<meta property=\"og:description\" content=\"\u00bfQui\u00e9nes somos? Nuestra Misi\u00f3n Brindar herramientas significativas de aprendizaje y desaprendizaje, integrando todas las dimensiones del ser humano (Esp\u00edritu, alma y cuerpo) para promover un equilibrio entre lo espiritual y lo terrenal. \u2022\u00bfQu\u00e9 es DesAprender? DesAprender es la decisi\u00f3n de eliminar una pr\u00e1ctica habitual \u201cnormalizada\u201d. Un h\u00e1bito que podemos hacer con los ojos cerrados porque [&hellip;]\" \/>\n<meta property=\"og:url\" content=\"https:\/\/desaprendiendo321.com\/index.php\/quienes-somos\/\" \/>\n<meta property=\"og:site_name\" content=\"Desaprendiendo | Educaci\u00f3n Consciente, Desarrollo Personal y Nuevas Perspectivas\" \/>\n<meta property=\"article:modified_time\" content=\"2026-04-16T12:46:08+00:00\" \/>\n<meta property=\"og:image\" content=\"https:\/\/desaprendiendo321.com\/wp-content\/uploads\/2026\/01\/lida_suarez.png\" \/>\n<meta name=\"twitter:card\" content=\"summary_large_image\" \/>\n<meta name=\"twitter:label1\" content=\"Tiempo de lectura\" \/>\n\t<meta name=\"twitter:data1\" content=\"2 minutos\" \/>\n<script type=\"application\/ld+json\" class=\"yoast-schema-graph\">{\"@context\":\"https:\\\/\\\/schema.org\",\"@graph\":[{\"@type\":\"WebPage\",\"@id\":\"https:\\\/\\\/desaprendiendo321.com\\\/index.php\\\/quienes-somos\\\/\",\"url\":\"https:\\\/\\\/desaprendiendo321.com\\\/index.php\\\/quienes-somos\\\/\",\"name\":\"Quienes Somos - Desaprendiendo | Educaci\u00f3n Consciente, Desarrollo Personal y Nuevas Perspectivas\",\"isPartOf\":{\"@id\":\"https:\\\/\\\/desaprendiendo321.com\\\/#website\"},\"primaryImageOfPage\":{\"@id\":\"https:\\\/\\\/desaprendiendo321.com\\\/index.php\\\/quienes-somos\\\/#primaryimage\"},\"image\":{\"@id\":\"https:\\\/\\\/desaprendiendo321.com\\\/index.php\\\/quienes-somos\\\/#primaryimage\"},\"thumbnailUrl\":\"https:\\\/\\\/desaprendiendo321.com\\\/wp-content\\\/uploads\\\/2026\\\/01\\\/lida_suarez.png\",\"datePublished\":\"2026-01-16T16:41:06+00:00\",\"dateModified\":\"2026-04-16T12:46:08+00:00\",\"breadcrumb\":{\"@id\":\"https:\\\/\\\/desaprendiendo321.com\\\/index.php\\\/quienes-somos\\\/#breadcrumb\"},\"inLanguage\":\"es\",\"potentialAction\":[{\"@type\":\"ReadAction\",\"target\":[\"https:\\\/\\\/desaprendiendo321.com\\\/index.php\\\/quienes-somos\\\/\"]}]},{\"@type\":\"ImageObject\",\"inLanguage\":\"es\",\"@id\":\"https:\\\/\\\/desaprendiendo321.com\\\/index.php\\\/quienes-somos\\\/#primaryimage\",\"url\":\"https:\\\/\\\/desaprendiendo321.com\\\/wp-content\\\/uploads\\\/2026\\\/01\\\/lida_suarez.png\",\"contentUrl\":\"https:\\\/\\\/desaprendiendo321.com\\\/wp-content\\\/uploads\\\/2026\\\/01\\\/lida_suarez.png\",\"width\":281,\"height\":317,\"caption\":\"lida suarez\"},{\"@type\":\"BreadcrumbList\",\"@id\":\"https:\\\/\\\/desaprendiendo321.com\\\/index.php\\\/quienes-somos\\\/#breadcrumb\",\"itemListElement\":[{\"@type\":\"ListItem\",\"position\":1,\"name\":\"Portada\",\"item\":\"https:\\\/\\\/desaprendiendo321.com\\\/\"},{\"@type\":\"ListItem\",\"position\":2,\"name\":\"Quienes Somos\"}]},{\"@type\":\"WebSite\",\"@id\":\"https:\\\/\\\/desaprendiendo321.com\\\/#website\",\"url\":\"https:\\\/\\\/desaprendiendo321.com\\\/\",\"name\":\"Desaprendiendo | Educaci\u00f3n Consciente, Desarrollo Personal y Nuevas Perspectivas\",\"description\":\"Desaprendiendo es un espacio para cuestionar creencias, aprender desde la conciencia y desarrollar una nueva forma de pensar, vivir y crecer personal y espiritualmente.\",\"publisher\":{\"@id\":\"https:\\\/\\\/desaprendiendo321.com\\\/#organization\"},\"potentialAction\":[{\"@type\":\"SearchAction\",\"target\":{\"@type\":\"EntryPoint\",\"urlTemplate\":\"https:\\\/\\\/desaprendiendo321.com\\\/?s={search_term_string}\"},\"query-input\":{\"@type\":\"PropertyValueSpecification\",\"valueRequired\":true,\"valueName\":\"search_term_string\"}}],\"inLanguage\":\"es\"},{\"@type\":\"Organization\",\"@id\":\"https:\\\/\\\/desaprendiendo321.com\\\/#organization\",\"name\":\"Desaprendiendo | Educaci\u00f3n Consciente, Desarrollo Personal y Nuevas Perspectivas\",\"url\":\"https:\\\/\\\/desaprendiendo321.com\\\/\",\"logo\":{\"@type\":\"ImageObject\",\"inLanguage\":\"es\",\"@id\":\"https:\\\/\\\/desaprendiendo321.com\\\/#\\\/schema\\\/logo\\\/image\\\/\",\"url\":\"https:\\\/\\\/desaprendiendo321.com\\\/wp-content\\\/uploads\\\/2026\\\/01\\\/logodes.png\",\"contentUrl\":\"https:\\\/\\\/desaprendiendo321.com\\\/wp-content\\\/uploads\\\/2026\\\/01\\\/logodes.png\",\"width\":901,\"height\":277,\"caption\":\"Desaprendiendo | Educaci\u00f3n Consciente, Desarrollo Personal y Nuevas Perspectivas\"},\"image\":{\"@id\":\"https:\\\/\\\/desaprendiendo321.com\\\/#\\\/schema\\\/logo\\\/image\\\/\"}}]}<\/script>\n<!-- \/ Yoast SEO plugin. -->","yoast_head_json":{"title":"Quienes Somos - Desaprendiendo | Educaci\u00f3n Consciente, Desarrollo Personal y Nuevas Perspectivas","robots":{"index":"index","follow":"follow","max-snippet":"max-snippet:-1","max-image-preview":"max-image-preview:large","max-video-preview":"max-video-preview:-1"},"canonical":"https:\/\/desaprendiendo321.com\/index.php\/quienes-somos\/","og_locale":"es_ES","og_type":"article","og_title":"Quienes Somos - Desaprendiendo | Educaci\u00f3n Consciente, Desarrollo Personal y Nuevas Perspectivas","og_description":"\u00bfQui\u00e9nes somos? Nuestra Misi\u00f3n Brindar herramientas significativas de aprendizaje y desaprendizaje, integrando todas las dimensiones del ser humano (Esp\u00edritu, alma y cuerpo) para promover un equilibrio entre lo espiritual y lo terrenal. \u2022\u00bfQu\u00e9 es DesAprender? DesAprender es la decisi\u00f3n de eliminar una pr\u00e1ctica habitual \u201cnormalizada\u201d. Un h\u00e1bito que podemos hacer con los ojos cerrados porque [&hellip;]","og_url":"https:\/\/desaprendiendo321.com\/index.php\/quienes-somos\/","og_site_name":"Desaprendiendo | Educaci\u00f3n Consciente, Desarrollo Personal y Nuevas Perspectivas","article_modified_time":"2026-04-16T12:46:08+00:00","og_image":[{"url":"https:\/\/desaprendiendo321.com\/wp-content\/uploads\/2026\/01\/lida_suarez.png","type":"","width":"","height":""}],"twitter_card":"summary_large_image","twitter_misc":{"Tiempo de lectura":"2 minutos"},"schema":{"@context":"https:\/\/schema.org","@graph":[{"@type":"WebPage","@id":"https:\/\/desaprendiendo321.com\/index.php\/quienes-somos\/","url":"https:\/\/desaprendiendo321.com\/index.php\/quienes-somos\/","name":"Quienes Somos - Desaprendiendo | Educaci\u00f3n Consciente, Desarrollo Personal y Nuevas Perspectivas","isPartOf":{"@id":"https:\/\/desaprendiendo321.com\/#website"},"primaryImageOfPage":{"@id":"https:\/\/desaprendiendo321.com\/index.php\/quienes-somos\/#primaryimage"},"image":{"@id":"https:\/\/desaprendiendo321.com\/index.php\/quienes-somos\/#primaryimage"},"thumbnailUrl":"https:\/\/desaprendiendo321.com\/wp-content\/uploads\/2026\/01\/lida_suarez.png","datePublished":"2026-01-16T16:41:06+00:00","dateModified":"2026-04-16T12:46:08+00:00","breadcrumb":{"@id":"https:\/\/desaprendiendo321.com\/index.php\/quienes-somos\/#breadcrumb"},"inLanguage":"es","potentialAction":[{"@type":"ReadAction","target":["https:\/\/desaprendiendo321.com\/index.php\/quienes-somos\/"]}]},{"@type":"ImageObject","inLanguage":"es","@id":"https:\/\/desaprendiendo321.com\/index.php\/quienes-somos\/#primaryimage","url":"https:\/\/desaprendiendo321.com\/wp-content\/uploads\/2026\/01\/lida_suarez.png","contentUrl":"https:\/\/desaprendiendo321.com\/wp-content\/uploads\/2026\/01\/lida_suarez.png","width":281,"height":317,"caption":"lida suarez"},{"@type":"BreadcrumbList","@id":"https:\/\/desaprendiendo321.com\/index.php\/quienes-somos\/#breadcrumb","itemListElement":[{"@type":"ListItem","position":1,"name":"Portada","item":"https:\/\/desaprendiendo321.com\/"},{"@type":"ListItem","position":2,"name":"Quienes Somos"}]},{"@type":"WebSite","@id":"https:\/\/desaprendiendo321.com\/#website","url":"https:\/\/desaprendiendo321.com\/","name":"Desaprendiendo | Educaci\u00f3n Consciente, Desarrollo Personal y Nuevas Perspectivas","description":"Desaprendiendo es un espacio para cuestionar creencias, aprender desde la conciencia y desarrollar una nueva forma de pensar, vivir y crecer personal y espiritualmente.","publisher":{"@id":"https:\/\/desaprendiendo321.com\/#organization"},"potentialAction":[{"@type":"SearchAction","target":{"@type":"EntryPoint","urlTemplate":"https:\/\/desaprendiendo321.com\/?s={search_term_string}"},"query-input":{"@type":"PropertyValueSpecification","valueRequired":true,"valueName":"search_term_string"}}],"inLanguage":"es"},{"@type":"Organization","@id":"https:\/\/desaprendiendo321.com\/#organization","name":"Desaprendiendo | Educaci\u00f3n Consciente, Desarrollo Personal y Nuevas Perspectivas","url":"https:\/\/desaprendiendo321.com\/","logo":{"@type":"ImageObject","inLanguage":"es","@id":"https:\/\/desaprendiendo321.com\/#\/schema\/logo\/image\/","url":"https:\/\/desaprendiendo321.com\/wp-content\/uploads\/2026\/01\/logodes.png","contentUrl":"https:\/\/desaprendiendo321.com\/wp-content\/uploads\/2026\/01\/logodes.png","width":901,"height":277,"caption":"Desaprendiendo | Educaci\u00f3n Consciente, Desarrollo Personal y Nuevas Perspectivas"},"image":{"@id":"https:\/\/desaprendiendo321.com\/#\/schema\/logo\/image\/"}}]}},"_links":{"self":[{"href":"https:\/\/desaprendiendo321.com\/index.php\/wp-json\/wp\/v2\/pages\/14","targetHints":{"allow":["GET"]}}],"collection":[{"href":"https:\/\/desaprendiendo321.com\/index.php\/wp-json\/wp\/v2\/pages"}],"about":[{"href":"https:\/\/desaprendiendo321.com\/index.php\/wp-json\/wp\/v2\/types\/page"}],"author":[{"embeddable":true,"href":"https:\/\/desaprendiendo321.com\/index.php\/wp-json\/wp\/v2\/users\/1"}],"replies":[{"embeddable":true,"href":"https:\/\/desaprendiendo321.com\/index.php\/wp-json\/wp\/v2\/comments?post=14"}],"version-history":[{"count":16,"href":"https:\/\/desaprendiendo321.com\/index.php\/wp-json\/wp\/v2\/pages\/14\/revisions"}],"predecessor-version":[{"id":2280,"href":"https:\/\/desaprendiendo321.com\/index.php\/wp-json\/wp\/v2\/pages\/14\/revisions\/2280"}],"wp:attachment":[{"href":"https:\/\/desaprendiendo321.com\/index.php\/wp-json\/wp\/v2\/media?parent=14"}],"curies":[{"name":"wp","href":"https:\/\/api.w.org\/{rel}","templated":true}]}}